{"id":22,"date":"2024-06-03T09:35:28","date_gmt":"2024-06-03T09:35:28","guid":{"rendered":"https:\/\/abdulhamidabdalla.com\/?page_id=22"},"modified":"2025-08-17T19:41:46","modified_gmt":"2025-08-17T19:41:46","slug":"exhibitions","status":"publish","type":"page","link":"https:\/\/abdulhamidabdalla.com\/de\/exhibitions\/","title":{"rendered":"BIOGRAFIE"},"content":{"rendered":"<div data-elementor-type=\"wp-page\" data-elementor-id=\"22\" class=\"elementor elementor-22\">\n\t\t\t\t<div class=\"elementor-element elementor-element-6ebe7850 e-flex e-con-boxed wpr-particle-no wpr-jarallax-no wpr-parallax-no wpr-sticky-section-no wpr-equal-height-no e-con e-parent\" data-id=\"6ebe7850\" data-element_type=\"container\" data-e-type=\"container\">\n\t\t\t\t\t<div class=\"e-con-inner\">\n\t\t\t\t<div class=\"elementor-element elementor-element-4ef19eed elementor-widget elementor-widget-text-editor\" data-id=\"4ef19eed\" data-element_type=\"widget\" data-e-type=\"widget\" data-widget_type=\"text-editor.default\">\n\t\t\t\t<div class=\"elementor-widget-container\">\n\t\t\t\t\t\t\t\t\t<p><\/p>\n<div>\n<p><i>\u201eAus dem inneren Ringen zwischen Verstand und Eingebung entsteht wahre Kunst.\u201c<\/i><br \/>Abdulhamid Abdalla, 2025<\/p>\n<p><strong>Artist Statement<\/strong><\/p>\n<p>Ich wurde in einem kleinen Dorf geboren, wo meine Kindheit zur ersten Quelle meiner visuellen und emotionalen Erinnerung wurde. Jeden Morgen fiel Sonnenlicht auf die W\u00e4nde unseres Hauses und verwandelte diese in goldene Fl\u00e4chen. Die endlosen Weizenfelder erschienen mir wie fl\u00fcssiges Gold. Wenn meine Mutter Teppiche oder Kleidung wusch und sie zum Trocknen aufh\u00e4ngte, entstanden \u2013 ohne ihr Wissen \u2013 Kompositionen, die an moderne Kunst erinnerten. Diese allt\u00e4glichen Bilder wurden f\u00fcr mich zu einer stillen Schule des Sehens.<\/p>\n<p>Am Abend versammelten wir uns um die \u00c4ltesten, um ihren Geschichten \u00fcber Liebe, Krieg, Geister und Abenteuer zu lauschen. Ich war stets neugierig und bat jeden der \u00e4lteren Besucher, uns Kindern am Abend etwas zu erz\u00e4hlen. Diese Erz\u00e4hlungen trugen die Keime von Fantasie und Dramatik in sich \u2013 Elemente, die meine Arbeit bis heute pr\u00e4gen.\u00a0<span style=\"font-size: 14px; background-color: transparent;\">Sp\u00e4ter zog ich in gro\u00dfe St\u00e4dte, f\u00fchrte pr\u00e4gende Beziehungen. So war jede Frau in meinem Leben wie eine Romanfigur mit einem eigenen Kapitel. Ich besuchte Museen und Ausstellungen, befasste mich mit der Kunst alter Kulturen bis hin zur Klassik und zur zeitgen\u00f6ssischen Kunst. Diese Neugier auf die \u00e4sthetische Entwicklung f\u00fchrte mich zur Suche nach einer eigenen Bildsprache, die Zeit, Erinnerung und Symbolik verbindet.<\/span><\/p>\n<p>Wenn ich male, tritt mein Geh\u00f6r zur\u00fcck. Ich h\u00f6re nichts mehr \u2013 alles verlagert sich in die Stille zwischen mir und der Leinwand. Die ersten Linien entstehen intuitiv. K\u00f6rper, Farbe und Geste werden zu meiner Sprache.\u00a0<span style=\"font-size: 14px; background-color: transparent;\">In meinen Bildern spiegeln sich Erinnerungen, Alltagsfragmente und pers\u00f6nliche wie kollektive Erfahrungen. Ich verwende Blattgold nicht als Schmuck, sondern als Tr\u00e4ger von Licht, W\u00e4rme und stiller Tiefe. Der menschliche K\u00f6rper steht im Zentrum \u2013 nicht nur als Motiv, sondern als Speicher von Identit\u00e4t, Erinnerung und innerem Konflikt. Ich beobachte, wie sich kulturelle Pr\u00e4gungen in Gestik, Haltung und Oberfl\u00e4che materialisieren.<\/span><\/p>\n<p>Meine Malerei verbindet klassische Formen mit zeitgen\u00f6ssischer Kunst. In vielschichtigen Kompositionen entstehen R\u00e4ume zwischen Intimit\u00e4t und \u00d6ffentlichkeit, zwischen Erinnerung und Projektion. Ich lasse eine offene, vieldeutige Sprache entstehen \u2013 Denkr\u00e4ume, die sich nicht schlie\u00dfen, sondern immer wieder neu \u00f6ffnen.\u00a0<span style=\"font-size: 14px; background-color: transparent;\">In einer Zeit permanenter Bild- und Informationsflut suche ich eine visuelle Sprache, die nicht \u00fcberfordert, sondern entschleunigt. Eine Sprache, die N\u00e4he neu denkt, Identit\u00e4t erfahrbar macht \u2013 und der menschlichen Erfahrung eine Form gibt, die ebenso widerspr\u00fcchlich wie lebendig ist.<\/span><\/p>\n<p><strong>Biografie<\/strong><\/p>\n<p>Abdulhamid Abdalla ist ein armenisch-kurdischer K\u00fcnstler und wurde in einem Dorf bei Al-Hasaka in Syrien geboren. Derzeit lebt und arbeitet er in Hamburg, Deutschland. Schon in seiner Kindheit entdeckte er die Kunst als Ausdrucksform, lange bevor er ihre Sprache erlernte. In dieser Zeit entstanden die ersten Werke auf Lehmw\u00e4nden. Sp\u00e4ter absolvierte er ein Studium der Bildenden K\u00fcnste in Damaskus. Bereits w\u00e4hrend des Studiums stellte Abdalla seine Werke national und international aus.<\/p>\n<p>Abdallas k\u00fcnstlerische Entwicklung ist gepr\u00e4gt von einem interkulturellen Blick auf den Menschen. Mit seiner Kunst m\u00f6chte er Br\u00fccken zwischen Innen und Au\u00dfen, zwischen Individuum und Gesellschaft schlagen. In seiner Praxis verfolgt er einen Ansatz, der handwerkliche Pr\u00e4zision mit konzeptioneller Offenheit vereint. Er denkt K\u00f6rper, Identit\u00e4t und gesellschaftliche Gegenwart neu.<\/p>\n<\/div>\n<p><strong style=\"color: var( --e-global-color-text ); font-family: var( --e-global-typography-text-font-family ), Sans-serif; text-align: var(--text-align); font-size: 1em;\"><br \/><strong>Einzelausstellungen (Auswahl)<\/strong><br \/><\/strong><\/p>\n<table style=\"border-collapse: collapse; width: 100%;\">\n<tbody>\n<tr>\n<td style=\"width: 5.88234%;\">2008<\/td>\n<td style=\"width: 94.1176%;\">Galerie Sigvardson, R\u00f8dby, D\u00e4nemark<\/td>\n<\/tr>\n<tr>\n<td style=\"width: 5.88234%;\">2007<\/td>\n<td style=\"width: 94.1176%;\">Galerie mbeck, Homburg an der Saar, Deutschland<\/td>\n<\/tr>\n<tr>\n<td style=\"width: 5.88234%;\">2006<\/td>\n<td style=\"width: 94.1176%;\">Galerie Dagmar Peveling, K\u00f6ln, Deutschland<\/td>\n<\/tr>\n<tr>\n<td style=\"width: 5.88234%;\">2004<\/td>\n<td style=\"width: 94.1176%;\">Galerie X5, Ulm, Deutschland<\/td>\n<\/tr>\n<tr>\n<td style=\"width: 5.88234%;\">2003<\/td>\n<td style=\"width: 94.1176%;\">Galerie Edith Schwarz, Potsdam, Deutschland<\/td>\n<\/tr>\n<tr>\n<td style=\"width: 5.88234%;\">2001<\/td>\n<td style=\"width: 94.1176%;\">Galerie Bu Sheri, Kuwait City, Kuwait<\/td>\n<\/tr>\n<tr>\n<td style=\"width: 5.88234%;\">2001<\/td>\n<td style=\"width: 94.1176%;\">Galerie Al Sayed, Damaskus, Syrien<\/td>\n<\/tr>\n<tr>\n<td style=\"width: 5.88234%;\">2000<\/td>\n<td style=\"width: 94.1176%;\">Galerie Atassi, Damaskus, Syrien<\/td>\n<\/tr>\n<tr>\n<td style=\"width: 5.88234%;\">1997<\/td>\n<td style=\"width: 94.1176%;\">Galerie Atassi, Damaskus, Syrien<\/td>\n<\/tr>\n<tr>\n<td style=\"width: 5.88234%;\">1989<\/td>\n<td style=\"width: 94.1176%;\">Arabisches Kulturzentrum in Al Hasaka, Syrien<\/td>\n<\/tr>\n<\/tbody>\n<\/table>\n<div>\n<p><\/p>\n<\/div>\n<p><!-- \/wp:group --><!-- wp:paragraph --><\/p>\n<p><strong>Gruppenausstellungen (Auswahl)<br \/><\/strong><\/p>\n<table style=\"border-collapse: collapse; width: 71.8487%;\">\n<tbody>\n<tr>\n<td style=\"width: 5.84795%;\">2025<\/td>\n<td style=\"width: 66.0007%;\">Biennale Internationale d\u2019Arte della Riviera Romana, Italy (Gewinner des 1. Preises in der Kategorie Malerei)<\/td>\n<\/tr>\n<tr>\n<td style=\"width: 5.84795%;\">2021<\/td>\n<td style=\"width: 66.0007%;\">Gallery Au-Del\u00e0 Des Apparances, Annecy, France<\/td>\n<\/tr>\n<tr>\n<td style=\"width: 5.84795%;\">2012<\/td>\n<td style=\"width: 66.0007%;\">Rearte Gallery, Wien, \u00d6sterreich<\/td>\n<\/tr>\n<tr>\n<td style=\"width: 5.84795%;\">2009<\/td>\n<td style=\"width: 66.0007%;\">Baraka Gallery, Florida, USA<\/td>\n<\/tr>\n<tr>\n<td style=\"width: 5.84795%;\">2008<\/td>\n<td style=\"width: 66.0007%;\">Galerie Sigvardson, R\u00f8dby, D\u00e4nemark<\/td>\n<\/tr>\n<tr>\n<td style=\"width: 5.84795%;\">2007<\/td>\n<td style=\"width: 66.0007%;\">\u00a0Bienal Internacional De Cuenca, Gallery Paradies, Ecuador<\/td>\n<\/tr>\n<tr>\n<td style=\"width: 5.84795%;\">2007<\/td>\n<td style=\"width: 66.0007%;\">Katzen Arts Center, Washington, USA<\/td>\n<\/tr>\n<tr>\n<td style=\"width: 5.84795%;\">2003<\/td>\n<td style=\"width: 66.0007%;\">Galerie X5, Ulm, Deutschland<\/td>\n<\/tr>\n<tr>\n<td style=\"width: 5.84795%;\">2003<\/td>\n<td style=\"width: 66.0007%;\">Galerie Amber, Leiden, Niederlande<\/td>\n<\/tr>\n<tr>\n<td style=\"width: 5.84795%;\">2002<\/td>\n<td style=\"width: 66.0007%;\">French Arts Center, Damaskus, Syrien<\/td>\n<\/tr>\n<tr>\n<td style=\"width: 5.84795%;\">2002<\/td>\n<td style=\"width: 66.0007%;\">Galerie Al Sayed, Damaskus, Syrien<\/td>\n<\/tr>\n<tr>\n<td style=\"width: 5.84795%;\">2002<\/td>\n<td style=\"width: 66.0007%;\">American Arts Center, Damaskus, Syrien<\/td>\n<\/tr>\n<tr>\n<td style=\"width: 5.84795%;\">2000<\/td>\n<td style=\"width: 66.0007%;\">\u00a0Modern Art Gallery, Cyprus, Zypern<\/td>\n<\/tr>\n<tr>\n<td style=\"width: 5.84795%;\">2000<\/td>\n<td style=\"width: 66.0007%;\">Artist Museum Gallery, Washington, USA<\/td>\n<\/tr>\n<tr>\n<td style=\"width: 5.84795%;\">1999<\/td>\n<td style=\"width: 66.0007%;\">Fine Art Gallery, London, England<\/td>\n<\/tr>\n<\/tbody>\n<\/table>\n<p><!-- \/wp:list-item --><\/p>\n<p><!-- \/wp:list --><\/p>\t\t\t\t\t\t\t\t<\/div>\n\t\t\t\t<\/div>\n\t\t\t\t\t<\/div>\n\t\t\t\t<\/div>\n\t\t\t\t<\/div>","protected":false},"excerpt":{"rendered":"<p>\u201eTrue art emerges from the inner struggle between reason and intuition.\u201cAbdulhamid Abdalla, 2025 Artist Statement I was born in a small village, and my childhood there became the source of my visual and emotional memory. Every morning, sunlight would fall on the walls of our house, turning them into golden surfaces. The endless wheat fields appeared to me as liquid gold. When my mother washed carpets or clothes and hung them up to dry, she created compositions reminiscent of modern art without realizing it. These everyday images became a silent school of vision for me. In the evening, we gathered around the elders and listened to their stories about love, war, ghosts, and adventures. I was always curious and would ask each of the older visitors to tell us children a story in the evening. These stories contained elements of fantasy and drama that still characterize my work today.\u00a0Later, I moved to big cities and experienced formative relationships. Every woman in my life was like a character in a novel with her own chapter. I visited museums and exhibitions. I studied art from ancient cultures to classical and contemporary styles. My curiosity about aesthetic development led me to search for my own visual language combining time, memory, and symbolism. When I paint, my hearing recedes. I no longer hear anything &#8211; everything shifts into the silence between me and the canvas. The first lines emerge intuitively. Body, color and gesture become my language.\u00a0My paintings reflect memories and fragments of everyday life, as well as personal and collective experiences. I use gold leaf not as decoration, but as a carrier of light, warmth, and quiet depth. The human body is at the center, serving not just as a motif but also as a repository of identity, memory, and inner conflict. I observe how cultural imprints manifest in gestures, posture, and surface. My paintings combine classical forms with contemporary art. Complex compositions create spaces that exist between intimacy and publicity, memory and projection. I create an open, ambiguous language \u2014 spaces of thought that remain open, continually inviting new interpretations.\u00a0In a time of a permanent flood of images and information, I am looking for a visual language that does not overwhelm but decelerates. A language that rethinks proximity, makes identity tangible &#8211; and gives human experience a form that is as contradictory as it is lively. Biography Abdulhamid Abdalla is an Armenian-Kurdish artist and was born in a village near Al-Hasakah in Syria. He currently lives and works in Hamburg, Germany. Abdalla discovered art as a form of expression in his childhood, long before he learned the language. It was during this time that he created his first works on clay walls. Later he studied fine arts in Damascus. During his studies, he exhibited his work both nationally and internationally. Abdalla&#8217;s artistic development is characterized by an intercultural perspective. Through his art, he aims to build bridges between the individual and society, and between inside and outside. In his practice, he combines precision craftsmanship with conceptual openness. He explores and rethinks the body, identity, and the current social present. Selected Solo Exhibitions 2008 Gallery Sigvardson, R\u00f8dby, Denmark 2007 Gallery mbeck, Homburg an der Saar, Germany 2006 Gallery Dagmar Peveling, Cologne, Germany 2004 Gallery X5, Ulm, Germany 2003 Gallery Edith Schwarz, Potsdam, Germany 2001 Gallery Bu Sheri, Kuwait City, Kuwait 2001 Gallery Al Sayed, Damascus, Syria 2000 Gallery Atassi, Damascus, Syria 1997 Gallery Atassi, Damascus, Syria 1989 Arab Culturecenter in Al Hasaka, Syria Selected Group Exhibitions 2025 Biennale Internationale d&#8217;Arte della Riviera Romana, Italy (Winner of the first prize for painting) 2021 Gallery Au-Del\u00e0 Des Apparances, Annecy, France 2012 Rearte Gallery, Vienna, Austria 2009 Baraka Gallery, Florida, USA 2008 Gallery Sigvardson, R\u00f8dby, Denmark 2007 \u00a0Bienal Internacional De Cuenca, Gallery Paradies, Ecuador 2007 Katzen Arts Center, Washington, USA 2003 Gallery X5, Ulm, Germany 2003 Gallery Amber, Leiden, The Netherlands 2002 French Arts Center, Damascus, Syria 2002 Gallery Al Sayed, Damascus, Syria 2002 American Arts Center, Damascus, Syria 2000 \u00a0Modern Art Gallery, Cyprus, Cyprus 2000 Artist Museum Gallery, Washington, USA 1999 Fine Art Gallery, London, England<\/p>","protected":false},"author":1,"featured_media":0,"parent":0,"menu_order":0,"comment_status":"closed","ping_status":"closed","template":"","meta":{"footnotes":""},"class_list":["post-22","page","type-page","status-publish","hentry"],"_links":{"self":[{"href":"https:\/\/abdulhamidabdalla.com\/de\/wp-json\/wp\/v2\/pages\/22"}],"collection":[{"href":"https:\/\/abdulhamidabdalla.com\/de\/wp-json\/wp\/v2\/pages"}],"about":[{"href":"https:\/\/abdulhamidabdalla.com\/de\/wp-json\/wp\/v2\/types\/page"}],"author":[{"embeddable":true,"href":"https:\/\/abdulhamidabdalla.com\/de\/wp-json\/wp\/v2\/users\/1"}],"replies":[{"embeddable":true,"href":"https:\/\/abdulhamidabdalla.com\/de\/wp-json\/wp\/v2\/comments?post=22"}],"version-history":[{"count":55,"href":"https:\/\/abdulhamidabdalla.com\/de\/wp-json\/wp\/v2\/pages\/22\/revisions"}],"predecessor-version":[{"id":549,"href":"https:\/\/abdulhamidabdalla.com\/de\/wp-json\/wp\/v2\/pages\/22\/revisions\/549"}],"wp:attachment":[{"href":"https:\/\/abdulhamidabdalla.com\/de\/wp-json\/wp\/v2\/media?parent=22"}],"curies":[{"name":"wp","href":"https:\/\/api.w.org\/{rel}","templated":true}]}}